{"id":2892,"date":"2022-09-26T15:43:29","date_gmt":"2022-09-26T20:43:29","guid":{"rendered":"https:\/\/deviajemexico.com\/product\/tour-puebla-y-cholula\/"},"modified":"2022-09-27T16:00:02","modified_gmt":"2022-09-27T21:00:02","slug":"tour-puebla-y-cholula","status":"publish","type":"product","link":"https:\/\/deviajemexico.com\/en\/product\/tour-puebla-y-cholula\/","title":{"rendered":"Tour Puebla y cholula"},"content":{"rendered":"<p>Durante el periodo espa\u00f1ol Puebla fue la 2da ciudad m\u00e1a rica de la nueva Espa\u00f1a, conoszca sus bellas calles y edificios,, tambien podra admirar la hermosa iglesia de Santa Maria Tonantzintla y la piramide m\u00e1s grandel del mundo \u00a8Cholula<\/p>\n","protected":false},"excerpt":{"rendered":"<p>Hora de inicio del tour: 08:00 a. m.<br \/>\nDuraci\u00f3n del tour: 11 hrs<\/p>\n","protected":false},"featured_media":2882,"comment_status":"closed","ping_status":"closed","template":"","meta":{"_joinchat":[]},"product_cat":[71],"product_tag":[],"class_list":{"0":"post-2892","1":"product","2":"type-product","3":"status-publish","4":"has-post-thumbnail","6":"product_cat-tours-en","8":"first","9":"instock","10":"sold-individually","11":"purchasable","12":"product-type-booking"},"_links":{"self":[{"href":"https:\/\/deviajemexico.com\/en\/wp-json\/wp\/v2\/product\/2892","targetHints":{"allow":["GET"]}}],"collection":[{"href":"https:\/\/deviajemexico.com\/en\/wp-json\/wp\/v2\/product"}],"about":[{"href":"https:\/\/deviajemexico.com\/en\/wp-json\/wp\/v2\/types\/product"}],"replies":[{"embeddable":true,"href":"https:\/\/deviajemexico.com\/en\/wp-json\/wp\/v2\/comments?post=2892"}],"wp:featuredmedia":[{"embeddable":true,"href":"https:\/\/deviajemexico.com\/en\/wp-json\/wp\/v2\/media\/2882"}],"wp:attachment":[{"href":"https:\/\/deviajemexico.com\/en\/wp-json\/wp\/v2\/media?parent=2892"}],"wp:term":[{"taxonomy":"product_cat","embeddable":true,"href":"https:\/\/deviajemexico.com\/en\/wp-json\/wp\/v2\/product_cat?post=2892"},{"taxonomy":"product_tag","embeddable":true,"href":"https:\/\/deviajemexico.com\/en\/wp-json\/wp\/v2\/product_tag?post=2892"}],"curies":[{"name":"wp","href":"https:\/\/api.w.org\/{rel}","templated":true}]}}